{"id":326,"date":"2019-09-03T17:17:32","date_gmt":"2019-09-03T17:17:32","guid":{"rendered":"http:\/\/xn--dsseldorf-mbliert-wohnen-voc9l.de\/?page_id=326"},"modified":"2024-01-12T09:35:57","modified_gmt":"2024-01-12T09:35:57","slug":"datenschutzerklaerung","status":"publish","type":"page","link":"https:\/\/xn--dsseldorf-mbliert-wohnen-voc9l.de\/en\/datenschutzerklaerung\/","title":{"rendered":"Datenschutzerkl\u00e4rung"},"content":{"rendered":"\n<p>Stand: 3. September 2019<\/p>\n\n\n\n<p><strong>Inhalts\u00fcbersicht<\/strong><\/p>\n\n\n\n<p> \u2022    Verantwortlicher<br> \u2022    \u00dcbersicht der Verarbeitungen<br> \u2022    Bereitstellung des Onlineangebotes und Webhosting<br> \u2022    Einsatz von Cookies <\/p>\n\n\n\n<p><br> <\/p>\n\n\n\n<p><strong>Verantwortlicher<\/strong><br>Katrin Kresken<br>E-Mail-Adresse: info@d\u00fcsseldorf-m\u00f6bliert-wohnen.de<\/p>\n\n\n\n<p><strong>\u00dcbersicht der Verarbeitungen<\/strong><br>Die nachfolgende \u00dcbersicht fasst die Arten der verarbeiteten Daten und die Zwecke ihrer Verarbeitung zusammen und verweist auf die betroffenen Personen.<\/p>\n\n\n\n<p><strong> Arten der verarbeiteten Daten<\/strong><br> \u2022    Inhaltsdaten (z.B. Texteingaben, Fotografien, Videos).<br> \u2022    Meta-\/Kommunikationsdaten (z.B. Ger\u00e4te-Informationen, IP-Adressen).<br> \u2022    Nutzungsdaten (z.B. besuchte Webseiten, Interesse an Inhalten, Zugriffszeiten).<\/p>\n\n\n\n<p> <strong>Kategorien betroffener Personen<\/strong><br> \u2022    Nutzer (z.B. Webseitenbesucher, Nutzer von Onlinediensten).<br><br><strong>Bereitstellung des Onlineangebotes und Webhosting<\/strong><br>Um unser Onlineangebot sicher und effizient bereitstellen zu k\u00f6nnen, nehmen wir die Leistungen von einem oder mehreren Webhosting-Anbietern in Anspruch, von deren Servern (bzw. von ihnen verwalteten Servern) das Onlineangebot abgerufen werden kann. Zu diesen Zwecken k\u00f6nnen wir Infrastruktur- und Plattformdienstleistungen, Rechenkapazit\u00e4t, Speicherplatz und Datenbankdienste sowie Sicherheitsleistungen und technische Wartungsleistungen in Anspruch nehmen.<br>Zu den im Rahmen der Bereitstellung des Hostingangebotes verarbeiteten Daten k\u00f6nnen alle die Nutzer unseres Onlineangebotes betreffenden Angaben geh\u00f6ren, die im Rahmen der Nutzung und der Kommunikation anfallen. Hierzu geh\u00f6ren regelm\u00e4\u00dfig die IP-Adresse, die notwendig ist, um die Inhalte von Onlineangeboten an Browser ausliefern zu k\u00f6nnen, und alle innerhalb unseres Onlineangebotes oder von Webseiten get\u00e4tigten Eingaben.<br><br><strong>E-Mail-Versand und -Hosting:<\/strong> Die von uns in Anspruch genommenen Webhosting-Leistungen umfassen ebenfalls den Versand, den Empfang sowie die Speicherung von E-Mails. Zu diesen Zwecken werden die Adressen der Empf\u00e4nger sowie Absender als auch weitere Informationen betreffend den E-Mailversand (z.B. die beteiligten Provider) sowie die Inhalte der jeweiligen E-Mails verarbeitet. Die vorgenannten Daten k\u00f6nnen ferner zu Zwecken der Erkennung von SPAM verarbeitet werden. Wir bitten darum, zu beachten, dass E-Mails im Internet grunds\u00e4tzlich nicht verschl\u00fcsselt versendet werden. Im Regelfall werden E-Mails zwar auf dem Transportweg verschl\u00fcsselt, aber (sofern kein sogenanntes Ende-zu-Ende-Verschl\u00fcsselungsverfahren eingesetzt wird) nicht auf den Servern, von denen sie abgesendet und empfangen werden. Wir k\u00f6nnen daher f\u00fcr den \u00dcbertragungsweg der E-Mails zwischen dem Absender und dem Empfang auf unserem Server keine Verantwortung \u00fcbernehmen.<br><br><strong>Erhebung von Zugriffsdaten und Logfiles:<\/strong> Wir selbst (bzw. unser Webhostinganbieter) erheben Daten zu jedem Zugriff auf den Server (sogenannte Serverlogfiles). Zu den Serverlogfiles k\u00f6nnen die Adresse und Name der abgerufenen Webseiten und Dateien, Datum und Uhrzeit des Abrufs, \u00fcbertragene Datenmengen, Meldung \u00fcber erfolgreichen Abruf, Browsertyp nebst Version, das Betriebssystem des Nutzers, Referrer URL (die zuvor besuchte Seite) und im Regelfall IP-Adressen und der anfragende Provider geh\u00f6ren.<br><br>Die Serverlogfiles k\u00f6nnen zum einen zu Zwecken der Sicherheit eingesetzt werden, z.B., um eine \u00dcberlastung der Server zu vermeiden (insbesondere im Fall von missbr\u00e4uchlichen Angriffen, sogenannten DDoS-Attacken) und zum anderen, um die Auslastung der Server und ihre Stabilit\u00e4t sicherzustellen.<br> \u2022    Verarbeitete Datenarten: Inhaltsdaten (z.B. Texteingaben, Fotografien, Videos), Nutzungsdaten (z.B. besuchte Webseiten, Interesse an Inhalten, Zugriffszeiten), Meta-\/Kommunikationsdaten (z.B. Ger\u00e4te-Informationen, IP-Adressen).<br> \u2022    Betroffene Personen: Nutzer (z.B. Webseitenbesucher, Nutzer von Onlinediensten).<br> \u2022    Rechtsgrundlagen: Berechtigte Interessen (Art. 6 Abs. 1 S. 1 lit. f. DSGVO).<\/p>\n\n\n\n<p><strong>Einsatz von Cookies<\/strong><\/p>\n\n\n\n<p>Cookies sind Textdateien, die Daten von besuchten Websites oder Domains enthalten und von einem Browser auf dem Computer des Benutzers gespeichert werden. Ein Cookie dient in erster Linie dazu, die Informationen \u00fcber einen Benutzer w\u00e4hrend oder nach seinem Besuch innerhalb eines Onlineangebotes zu speichern. Zu den gespeicherten Angaben k\u00f6nnen z.B. die Spracheinstellungen auf einer Webseite, der Loginstatus, ein Warenkorb oder die Stelle, an der ein Video geschaut wurde, geh\u00f6ren. Zu dem Begriff der Cookies z\u00e4hlen wir ferner andere Technologien, die die gleichen Funktionen wie Cookies erf\u00fcllen (z.B., wenn Angaben der Nutzer anhand pseudonymer Onlinekennzeichnungen gespeichert werden, auch als &#8220;Nutzer-IDs&#8221; bezeichnet)<\/p>\n\n\n\n<p>Die folgenden Cookie-Typen und Funktionen werden unterschieden:<\/p>\n\n\n\n<p>Tempor\u00e4re Cookies (auch: Session- oder Sitzungs-Cookies): Tempor\u00e4re Cookies werden sp\u00e4testens gel\u00f6scht, nachdem ein Nutzer ein Online-Angebot verlassen und seinen Browser geschlossen hat.<\/p>\n\n\n\n<p>Permanente Cookies: Permanente Cookies bleiben auch nach dem Schlie\u00dfen des Browsers gespeichert. So kann beispielsweise der Login-Status gespeichert oder bevorzugte Inhalte direkt angezeigt werden, wenn der Nutzer eine Website erneut besucht. Ebenso k\u00f6nnen die Interessen von Nutzern, die zur Reichweitenmessung oder zu Marketingzwecken verwendet werden, in einem solchen Cookie gespeichert werden.<\/p>\n\n\n\n<p>First-Party-Cookies: First-Party-Cookies werden von uns selbst gesetzt.<\/p>\n\n\n\n<p>Third-Party-Cookies (auch: Drittanbieter-Cookies): Drittanbieter-Cookies werden haupts\u00e4chlich von Werbetreibenden (sog. Dritten) verwendet, um Benutzerinformationen zu verarbeiten.<\/p>\n\n\n\n<p>Notwendige (auch: essentielle oder unbedingt erforderliche) Cookies: Cookies k\u00f6nnen zum einen f\u00fcr den Betrieb einer Webseite unbedingt erforderlich sein (z.B. um Logins oder andere Nutzereingaben zu speichern oder aus Gr\u00fcnden der Sicherheit).<\/p>\n\n\n\n<p>Statistik-, Marketing- und Personalisierungs-Cookies: Ferner werden Cookies im Regelfall auch im Rahmen der Reichweitenmessung eingesetzt sowie dann, wenn die Interessen eines Nutzers oder sein Verhalten (z.B. Betrachten bestimmter Inhalte, Nutzen von Funktionen etc.) auf einzelnen Webseiten in einem Nutzerprofil gespeichert werden. Solche Profile dienen dazu, den Nutzern z.B. Inhalte anzuzeigen, die ihren potentiellen Interessen entsprechen. Dieses Verfahren wird auch als &#8220;Tracking&#8221;, d.h., Nachverfolgung der potentiellen Interessen der Nutzer bezeichnet. . Soweit wir Cookies oder &#8220;Tracking&#8221;-Technologien einsetzen, informieren wir Sie gesondert in unserer Datenschutzerkl\u00e4rung oder im Rahmen der Einholung einer Einwilligung.<\/p>\n\n\n\n<p>Hinweise zu Rechtsgrundlagen: Auf welcher Rechtsgrundlage wir Ihre personenbezogenen Daten mit Hilfe von Cookies verarbeiten, h\u00e4ngt davon ab, ob wir Sie um eine Einwilligung bitten. Falls dies zutrifft und Sie in die Nutzung von Cookies einwilligen, ist die Rechtsgrundlage der Verarbeitung Ihrer Daten die erkl\u00e4rte Einwilligung. Andernfalls werden die mithilfe von Cookies verarbeiteten Daten auf Grundlage unserer berechtigten Interessen (z.B. an einem betriebswirtschaftlichen Betrieb unseres Onlineangebotes und dessen Verbesserung) verarbeitet oder, wenn der Einsatz von Cookies erforderlich ist, um unsere vertraglichen Verpflichtungen zu erf\u00fcllen.<\/p>\n\n\n\n<p>Allgemeine Hinweise zum Widerruf und Widerspruch (Opt-Out): Abh\u00e4ngig davon, ob die Verarbeitung auf Grundlage einer Einwilligung oder gesetzlichen Erlaubnis erfolgt, haben Sie jederzeit die M\u00f6glichkeit, eine erteilte Einwilligung zu widerrufen oder der Verarbeitung Ihrer Daten durch Cookie-Technologien zu widersprechen (zusammenfassend als &#8220;Opt-Out&#8221; bezeichnet). Sie k\u00f6nnen Ihren Widerspruch zun\u00e4chst mittels der Einstellungen Ihres Browsers erkl\u00e4ren, z.B., indem Sie die Nutzung von Cookies deaktivieren (wobei hierdurch auch die Funktionsf\u00e4higkeit unseres Onlineangebotes eingeschr\u00e4nkt werden kann). Ein Widerspruch gegen den Einsatz von Cookies zu Zwecken des Onlinemarketings kann auch mittels einer Vielzahl von Diensten, vor allem im Fall des Trackings, \u00fcber die Webseiten http:\/\/optout.aboutads.info und http:\/\/www.youronlinechoices.com\/ erkl\u00e4rt werden. Daneben k\u00f6nnen Sie weitere Widerspruchshinweise im Rahmen der Angaben zu den eingesetzten Dienstleistern und Cookies erhalten.<\/p>\n\n\n\n<p>Verarbeitete Datenarten: Nutzungsdaten (z.B. besuchte Webseiten, Interesse an Inhalten, Zugriffszeiten), Meta-\/Kommunikationsdaten (z.B. Ger\u00e4te-Informationen, IP-Adressen).<\/p>\n\n\n\n<p>Betroffene Personen: Nutzer (z.B. Webseitenbesucher, Nutzer von Onlinediensten).<\/p>\n\n\n\n<p>Rechtsgrundlagen: Einwilligung (Art. 6 Abs. 1 S. 1 lit. a DSGVO), Berechtigte Interessen (Art. 6 Abs. 1 S. 1 lit. f. DSGVO).<\/p>\n\n\n\n<p> <br>Erstellt mit Datenschutz-Generator.de von Dr. jur. Thomas Schwenke<\/p>\n","protected":false},"excerpt":{"rendered":"<p>Stand: 3. September 2019 Inhalts\u00fcbersicht \u2022 Verantwortlicher \u2022 \u00dcbersicht der Verarbeitungen \u2022 Bereitstellung des Onlineangebotes und Webhosting \u2022 Einsatz von Cookies VerantwortlicherKatrin KreskenE-Mail-Adresse:&hellip;<\/p>\n","protected":false},"author":1,"featured_media":0,"parent":0,"menu_order":0,"comment_status":"closed","ping_status":"closed","template":"","meta":{"footnotes":""},"class_list":["post-326","page","type-page","status-publish","hentry"],"translation":{"provider":"WPGlobus","version":"3.0.2","language":"en","enabled_languages":["de","en"],"languages":{"de":{"title":true,"content":true,"excerpt":false},"en":{"title":false,"content":false,"excerpt":false}}},"yoast_head":"<!-- This site is optimized with the Yoast SEO plugin v27.3 - https:\/\/yoast.com\/product\/yoast-seo-wordpress\/ -->\n<title>Datenschutzerkl\u00e4rung - Furnished flats in D\u00fcsseldorf<\/title>\n<meta name=\"robots\" content=\"noindex, nofollow\" \/>\n<meta property=\"og:locale\" content=\"en_US\" \/>\n<meta property=\"og:type\" content=\"article\" \/>\n<meta property=\"og:title\" content=\"Datenschutzerkl\u00e4rung - Furnished flats in D\u00fcsseldorf\" \/>\n<meta property=\"og:url\" content=\"https:\/\/xn--dsseldorf-mbliert-wohnen-voc9l.de\/en\/datenschutzerklaerung\/\" \/>\n<meta property=\"og:site_name\" content=\"Furnished flats in D\u00fcsseldorf\" \/>\n<meta property=\"article:modified_time\" content=\"2024-01-12T09:35:57+00:00\" \/>\n<meta name=\"twitter:card\" content=\"summary_large_image\" \/>\n<meta name=\"twitter:label1\" content=\"Est. reading time\" \/>\n\t<meta name=\"twitter:data1\" content=\"6 minutes\" \/>\n<script type=\"application\/ld+json\" class=\"yoast-schema-graph\">{\"@context\":\"https:\\\/\\\/schema.org\",\"@graph\":[{\"@type\":\"WebPage\",\"@id\":\"https:\\\/\\\/xn--dsseldorf-mbliert-wohnen-voc9l.de\\\/en\\\/datenschutzerklaerung\\\/\",\"url\":\"https:\\\/\\\/xn--dsseldorf-mbliert-wohnen-voc9l.de\\\/en\\\/datenschutzerklaerung\\\/\",\"name\":\"Datenschutzerkl\u00e4rung - Furnished flats in D\u00fcsseldorf\",\"isPartOf\":{\"@id\":\"http:\\\/\\\/xn--dsseldorf-mbliert-wohnen-voc9l.de\\\/en\\\/#website\"},\"datePublished\":\"2019-09-03T17:17:32+00:00\",\"dateModified\":\"2024-01-12T09:35:57+00:00\",\"breadcrumb\":{\"@id\":\"https:\\\/\\\/xn--dsseldorf-mbliert-wohnen-voc9l.de\\\/en\\\/datenschutzerklaerung\\\/#breadcrumb\"},\"inLanguage\":\"en-US\",\"potentialAction\":[{\"@type\":\"ReadAction\",\"target\":[\"https:\\\/\\\/xn--dsseldorf-mbliert-wohnen-voc9l.de\\\/en\\\/datenschutzerklaerung\\\/\"]}]},{\"@type\":\"BreadcrumbList\",\"@id\":\"https:\\\/\\\/xn--dsseldorf-mbliert-wohnen-voc9l.de\\\/en\\\/datenschutzerklaerung\\\/#breadcrumb\",\"itemListElement\":[{\"@type\":\"ListItem\",\"position\":1,\"name\":\"Startseite\",\"item\":\"http:\\\/\\\/xn--dsseldorf-mbliert-wohnen-voc9l.de\\\/en\\\/\"},{\"@type\":\"ListItem\",\"position\":2,\"name\":\"Datenschutzerkl\u00e4rung\"}]},{\"@type\":\"WebSite\",\"@id\":\"http:\\\/\\\/xn--dsseldorf-mbliert-wohnen-voc9l.de\\\/en\\\/#website\",\"url\":\"http:\\\/\\\/xn--dsseldorf-mbliert-wohnen-voc9l.de\\\/en\\\/\",\"name\":\"Furnished flats in D\u00fcsseldorf\",\"description\":\"Unterbilk \\\/ Hafen\",\"publisher\":{\"@id\":\"http:\\\/\\\/xn--dsseldorf-mbliert-wohnen-voc9l.de\\\/en\\\/#\\\/schema\\\/person\\\/f3f10f43f71cb4fffd34f6e34572d939\"},\"potentialAction\":[{\"@type\":\"SearchAction\",\"target\":{\"@type\":\"EntryPoint\",\"urlTemplate\":\"http:\\\/\\\/xn--dsseldorf-mbliert-wohnen-voc9l.de\\\/en\\\/?s={search_term_string}\"},\"query-input\":{\"@type\":\"PropertyValueSpecification\",\"valueRequired\":true,\"valueName\":\"search_term_string\"}}],\"inLanguage\":\"en-US\"},{\"@type\":[\"Person\",\"Organization\"],\"@id\":\"http:\\\/\\\/xn--dsseldorf-mbliert-wohnen-voc9l.de\\\/en\\\/#\\\/schema\\\/person\\\/f3f10f43f71cb4fffd34f6e34572d939\",\"name\":\"Katrin Kresken\",\"logo\":{\"@id\":\"http:\\\/\\\/xn--dsseldorf-mbliert-wohnen-voc9l.de\\\/en\\\/#\\\/schema\\\/person\\\/image\\\/\"}}]}<\/script>\n<!-- \/ Yoast SEO plugin. -->","yoast_head_json":{"title":"Datenschutzerkl\u00e4rung - Furnished flats in D\u00fcsseldorf","robots":{"index":"noindex","follow":"nofollow"},"og_locale":"en_US","og_type":"article","og_title":"Datenschutzerkl\u00e4rung - Furnished flats in D\u00fcsseldorf","og_url":"https:\/\/xn--dsseldorf-mbliert-wohnen-voc9l.de\/en\/datenschutzerklaerung\/","og_site_name":"Furnished flats in D\u00fcsseldorf","article_modified_time":"2024-01-12T09:35:57+00:00","twitter_card":"summary_large_image","twitter_misc":{"Est. reading time":"6 minutes"},"schema":{"@context":"https:\/\/schema.org","@graph":[{"@type":"WebPage","@id":"https:\/\/xn--dsseldorf-mbliert-wohnen-voc9l.de\/en\/datenschutzerklaerung\/","url":"https:\/\/xn--dsseldorf-mbliert-wohnen-voc9l.de\/en\/datenschutzerklaerung\/","name":"Datenschutzerkl\u00e4rung - Furnished flats in D\u00fcsseldorf","isPartOf":{"@id":"http:\/\/xn--dsseldorf-mbliert-wohnen-voc9l.de\/en\/#website"},"datePublished":"2019-09-03T17:17:32+00:00","dateModified":"2024-01-12T09:35:57+00:00","breadcrumb":{"@id":"https:\/\/xn--dsseldorf-mbliert-wohnen-voc9l.de\/en\/datenschutzerklaerung\/#breadcrumb"},"inLanguage":"en-US","potentialAction":[{"@type":"ReadAction","target":["https:\/\/xn--dsseldorf-mbliert-wohnen-voc9l.de\/en\/datenschutzerklaerung\/"]}]},{"@type":"BreadcrumbList","@id":"https:\/\/xn--dsseldorf-mbliert-wohnen-voc9l.de\/en\/datenschutzerklaerung\/#breadcrumb","itemListElement":[{"@type":"ListItem","position":1,"name":"Startseite","item":"http:\/\/xn--dsseldorf-mbliert-wohnen-voc9l.de\/en\/"},{"@type":"ListItem","position":2,"name":"Datenschutzerkl\u00e4rung"}]},{"@type":"WebSite","@id":"http:\/\/xn--dsseldorf-mbliert-wohnen-voc9l.de\/en\/#website","url":"http:\/\/xn--dsseldorf-mbliert-wohnen-voc9l.de\/en\/","name":"Furnished flats in D\u00fcsseldorf","description":"Unterbilk \/ Hafen","publisher":{"@id":"http:\/\/xn--dsseldorf-mbliert-wohnen-voc9l.de\/en\/#\/schema\/person\/f3f10f43f71cb4fffd34f6e34572d939"},"potentialAction":[{"@type":"SearchAction","target":{"@type":"EntryPoint","urlTemplate":"http:\/\/xn--dsseldorf-mbliert-wohnen-voc9l.de\/en\/?s={search_term_string}"},"query-input":{"@type":"PropertyValueSpecification","valueRequired":true,"valueName":"search_term_string"}}],"inLanguage":"en-US"},{"@type":["Person","Organization"],"@id":"http:\/\/xn--dsseldorf-mbliert-wohnen-voc9l.de\/en\/#\/schema\/person\/f3f10f43f71cb4fffd34f6e34572d939","name":"Katrin Kresken","logo":{"@id":"http:\/\/xn--dsseldorf-mbliert-wohnen-voc9l.de\/en\/#\/schema\/person\/image\/"}}]}},"_links":{"self":[{"href":"https:\/\/xn--dsseldorf-mbliert-wohnen-voc9l.de\/en\/wp-json\/wp\/v2\/pages\/326","targetHints":{"allow":["GET"]}}],"collection":[{"href":"https:\/\/xn--dsseldorf-mbliert-wohnen-voc9l.de\/en\/wp-json\/wp\/v2\/pages"}],"about":[{"href":"https:\/\/xn--dsseldorf-mbliert-wohnen-voc9l.de\/en\/wp-json\/wp\/v2\/types\/page"}],"author":[{"embeddable":true,"href":"https:\/\/xn--dsseldorf-mbliert-wohnen-voc9l.de\/en\/wp-json\/wp\/v2\/users\/1"}],"replies":[{"embeddable":true,"href":"https:\/\/xn--dsseldorf-mbliert-wohnen-voc9l.de\/en\/wp-json\/wp\/v2\/comments?post=326"}],"version-history":[{"count":8,"href":"https:\/\/xn--dsseldorf-mbliert-wohnen-voc9l.de\/en\/wp-json\/wp\/v2\/pages\/326\/revisions"}],"predecessor-version":[{"id":967,"href":"https:\/\/xn--dsseldorf-mbliert-wohnen-voc9l.de\/en\/wp-json\/wp\/v2\/pages\/326\/revisions\/967"}],"wp:attachment":[{"href":"https:\/\/xn--dsseldorf-mbliert-wohnen-voc9l.de\/en\/wp-json\/wp\/v2\/media?parent=326"}],"curies":[{"name":"wp","href":"https:\/\/api.w.org\/{rel}","templated":true}]}}