{"id":322,"date":"2019-09-03T17:15:32","date_gmt":"2019-09-03T17:15:32","guid":{"rendered":"http:\/\/xn--dsseldorf-mbliert-wohnen-voc9l.de\/?page_id=322"},"modified":"2024-01-12T09:36:34","modified_gmt":"2024-01-12T09:36:34","slug":"impressum","status":"publish","type":"page","link":"https:\/\/xn--dsseldorf-mbliert-wohnen-voc9l.de\/en\/impressum\/","title":{"rendered":"Legal notice"},"content":{"rendered":"\n<p><strong>Inhaltlich verantwortlich:<\/strong><\/p>\n\n\n\n<p>Katrin Kresken<br>Lorettostr. 17<br>40219 D\u00fcsseldorf<br>Tel. 0049-211-4912640<br>info@d\u00fcsseldorf-m\u00f6bliert-wohnen.de<\/p>\n\n\n\n<p><\/p>\n\n\n\n<p><strong>Fotos:<\/strong><br>Wenn nicht anders angegeben: \u00a9 Katrin Kresken<br>Headerfoto Startseite, Rheinuferpromenade Ausgehen: \u00a9 Doris Busch<\/p>\n","protected":false},"excerpt":{"rendered":"<p>Inhaltlich verantwortlich: Katrin KreskenLorettostr. 1740219 D\u00fcsseldorfTel. 0049-211-4912640info@d\u00fcsseldorf-m\u00f6bliert-wohnen.de Fotos:Wenn nicht anders angegeben: \u00a9 Katrin KreskenHeaderfoto Startseite, Rheinuferpromenade Ausgehen: \u00a9 Doris Busch<\/p>\n","protected":false},"author":1,"featured_media":0,"parent":0,"menu_order":0,"comment_status":"closed","ping_status":"closed","template":"","meta":{"footnotes":""},"class_list":["post-322","page","type-page","status-publish","hentry"],"translation":{"provider":"WPGlobus","version":"3.0.2","language":"en","enabled_languages":["de","en"],"languages":{"de":{"title":true,"content":true,"excerpt":false},"en":{"title":true,"content":false,"excerpt":false}}},"yoast_head":"<!-- This site is optimized with the Yoast SEO plugin v27.3 - https:\/\/yoast.com\/product\/yoast-seo-wordpress\/ -->\n<title>Legal notice - Furnished flats in D\u00fcsseldorf<\/title>\n<meta name=\"robots\" content=\"noindex, nofollow\" \/>\n<meta property=\"og:locale\" content=\"en_US\" \/>\n<meta property=\"og:type\" content=\"article\" \/>\n<meta property=\"og:title\" content=\"Legal notice - Furnished flats in D\u00fcsseldorf\" \/>\n<meta property=\"og:url\" content=\"https:\/\/xn--dsseldorf-mbliert-wohnen-voc9l.de\/impressum\/\" \/>\n<meta property=\"og:site_name\" content=\"Furnished flats in D\u00fcsseldorf\" \/>\n<meta property=\"article:modified_time\" content=\"2024-01-12T09:36:34+00:00\" \/>\n<meta name=\"twitter:card\" content=\"summary_large_image\" \/>\n<meta name=\"twitter:label1\" content=\"Est. reading time\" \/>\n\t<meta name=\"twitter:data1\" content=\"1 minute\" \/>\n<script type=\"application\/ld+json\" class=\"yoast-schema-graph\">{\"@context\":\"https:\\\/\\\/schema.org\",\"@graph\":[{\"@type\":\"WebPage\",\"@id\":\"https:\\\/\\\/xn--dsseldorf-mbliert-wohnen-voc9l.de\\\/impressum\\\/\",\"url\":\"https:\\\/\\\/xn--dsseldorf-mbliert-wohnen-voc9l.de\\\/impressum\\\/\",\"name\":\"Legal notice - Furnished flats in D\u00fcsseldorf\",\"isPartOf\":{\"@id\":\"http:\\\/\\\/xn--dsseldorf-mbliert-wohnen-voc9l.de\\\/en\\\/#website\"},\"datePublished\":\"2019-09-03T17:15:32+00:00\",\"dateModified\":\"2024-01-12T09:36:34+00:00\",\"breadcrumb\":{\"@id\":\"https:\\\/\\\/xn--dsseldorf-mbliert-wohnen-voc9l.de\\\/impressum\\\/#breadcrumb\"},\"inLanguage\":\"en-US\",\"potentialAction\":[{\"@type\":\"ReadAction\",\"target\":[\"https:\\\/\\\/xn--dsseldorf-mbliert-wohnen-voc9l.de\\\/impressum\\\/\"]}]},{\"@type\":\"BreadcrumbList\",\"@id\":\"https:\\\/\\\/xn--dsseldorf-mbliert-wohnen-voc9l.de\\\/impressum\\\/#breadcrumb\",\"itemListElement\":[{\"@type\":\"ListItem\",\"position\":1,\"name\":\"Startseite\",\"item\":\"http:\\\/\\\/xn--dsseldorf-mbliert-wohnen-voc9l.de\\\/en\\\/\"},{\"@type\":\"ListItem\",\"position\":2,\"name\":\"Impressum\"}]},{\"@type\":\"WebSite\",\"@id\":\"http:\\\/\\\/xn--dsseldorf-mbliert-wohnen-voc9l.de\\\/en\\\/#website\",\"url\":\"http:\\\/\\\/xn--dsseldorf-mbliert-wohnen-voc9l.de\\\/en\\\/\",\"name\":\"Furnished flats in D\u00fcsseldorf\",\"description\":\"Unterbilk \\\/ Hafen\",\"publisher\":{\"@id\":\"http:\\\/\\\/xn--dsseldorf-mbliert-wohnen-voc9l.de\\\/en\\\/#\\\/schema\\\/person\\\/f3f10f43f71cb4fffd34f6e34572d939\"},\"potentialAction\":[{\"@type\":\"SearchAction\",\"target\":{\"@type\":\"EntryPoint\",\"urlTemplate\":\"http:\\\/\\\/xn--dsseldorf-mbliert-wohnen-voc9l.de\\\/en\\\/?s={search_term_string}\"},\"query-input\":{\"@type\":\"PropertyValueSpecification\",\"valueRequired\":true,\"valueName\":\"search_term_string\"}}],\"inLanguage\":\"en-US\"},{\"@type\":[\"Person\",\"Organization\"],\"@id\":\"http:\\\/\\\/xn--dsseldorf-mbliert-wohnen-voc9l.de\\\/en\\\/#\\\/schema\\\/person\\\/f3f10f43f71cb4fffd34f6e34572d939\",\"name\":\"Katrin Kresken\",\"logo\":{\"@id\":\"http:\\\/\\\/xn--dsseldorf-mbliert-wohnen-voc9l.de\\\/en\\\/#\\\/schema\\\/person\\\/image\\\/\"}}]}<\/script>\n<!-- \/ Yoast SEO plugin. -->","yoast_head_json":{"title":"Legal notice - Furnished flats in D\u00fcsseldorf","robots":{"index":"noindex","follow":"nofollow"},"og_locale":"en_US","og_type":"article","og_title":"Legal notice - Furnished flats in D\u00fcsseldorf","og_url":"https:\/\/xn--dsseldorf-mbliert-wohnen-voc9l.de\/impressum\/","og_site_name":"Furnished flats in D\u00fcsseldorf","article_modified_time":"2024-01-12T09:36:34+00:00","twitter_card":"summary_large_image","twitter_misc":{"Est. reading time":"1 minute"},"schema":{"@context":"https:\/\/schema.org","@graph":[{"@type":"WebPage","@id":"https:\/\/xn--dsseldorf-mbliert-wohnen-voc9l.de\/impressum\/","url":"https:\/\/xn--dsseldorf-mbliert-wohnen-voc9l.de\/impressum\/","name":"Legal notice - Furnished flats in D\u00fcsseldorf","isPartOf":{"@id":"http:\/\/xn--dsseldorf-mbliert-wohnen-voc9l.de\/en\/#website"},"datePublished":"2019-09-03T17:15:32+00:00","dateModified":"2024-01-12T09:36:34+00:00","breadcrumb":{"@id":"https:\/\/xn--dsseldorf-mbliert-wohnen-voc9l.de\/impressum\/#breadcrumb"},"inLanguage":"en-US","potentialAction":[{"@type":"ReadAction","target":["https:\/\/xn--dsseldorf-mbliert-wohnen-voc9l.de\/impressum\/"]}]},{"@type":"BreadcrumbList","@id":"https:\/\/xn--dsseldorf-mbliert-wohnen-voc9l.de\/impressum\/#breadcrumb","itemListElement":[{"@type":"ListItem","position":1,"name":"Startseite","item":"http:\/\/xn--dsseldorf-mbliert-wohnen-voc9l.de\/en\/"},{"@type":"ListItem","position":2,"name":"Impressum"}]},{"@type":"WebSite","@id":"http:\/\/xn--dsseldorf-mbliert-wohnen-voc9l.de\/en\/#website","url":"http:\/\/xn--dsseldorf-mbliert-wohnen-voc9l.de\/en\/","name":"Furnished flats in D\u00fcsseldorf","description":"Unterbilk \/ Hafen","publisher":{"@id":"http:\/\/xn--dsseldorf-mbliert-wohnen-voc9l.de\/en\/#\/schema\/person\/f3f10f43f71cb4fffd34f6e34572d939"},"potentialAction":[{"@type":"SearchAction","target":{"@type":"EntryPoint","urlTemplate":"http:\/\/xn--dsseldorf-mbliert-wohnen-voc9l.de\/en\/?s={search_term_string}"},"query-input":{"@type":"PropertyValueSpecification","valueRequired":true,"valueName":"search_term_string"}}],"inLanguage":"en-US"},{"@type":["Person","Organization"],"@id":"http:\/\/xn--dsseldorf-mbliert-wohnen-voc9l.de\/en\/#\/schema\/person\/f3f10f43f71cb4fffd34f6e34572d939","name":"Katrin Kresken","logo":{"@id":"http:\/\/xn--dsseldorf-mbliert-wohnen-voc9l.de\/en\/#\/schema\/person\/image\/"}}]}},"_links":{"self":[{"href":"https:\/\/xn--dsseldorf-mbliert-wohnen-voc9l.de\/en\/wp-json\/wp\/v2\/pages\/322","targetHints":{"allow":["GET"]}}],"collection":[{"href":"https:\/\/xn--dsseldorf-mbliert-wohnen-voc9l.de\/en\/wp-json\/wp\/v2\/pages"}],"about":[{"href":"https:\/\/xn--dsseldorf-mbliert-wohnen-voc9l.de\/en\/wp-json\/wp\/v2\/types\/page"}],"author":[{"embeddable":true,"href":"https:\/\/xn--dsseldorf-mbliert-wohnen-voc9l.de\/en\/wp-json\/wp\/v2\/users\/1"}],"replies":[{"embeddable":true,"href":"https:\/\/xn--dsseldorf-mbliert-wohnen-voc9l.de\/en\/wp-json\/wp\/v2\/comments?post=322"}],"version-history":[{"count":15,"href":"https:\/\/xn--dsseldorf-mbliert-wohnen-voc9l.de\/en\/wp-json\/wp\/v2\/pages\/322\/revisions"}],"predecessor-version":[{"id":760,"href":"https:\/\/xn--dsseldorf-mbliert-wohnen-voc9l.de\/en\/wp-json\/wp\/v2\/pages\/322\/revisions\/760"}],"wp:attachment":[{"href":"https:\/\/xn--dsseldorf-mbliert-wohnen-voc9l.de\/en\/wp-json\/wp\/v2\/media?parent=322"}],"curies":[{"name":"wp","href":"https:\/\/api.w.org\/{rel}","templated":true}]}}