{"id":391,"date":"2019-09-04T11:44:28","date_gmt":"2019-09-04T11:44:28","guid":{"rendered":"http:\/\/xn--dsseldorf-mbliert-wohnen-voc9l.de\/?page_id=391"},"modified":"2026-03-09T08:51:07","modified_gmt":"2026-03-09T08:51:07","slug":"verkehrsanbindung","status":"publish","type":"page","link":"http:\/\/xn--dsseldorf-mbliert-wohnen-voc9l.de\/en\/verkehrsanbindung\/","title":{"rendered":"Getting around"},"content":{"rendered":"\n<div class=\"wp-block-image\"><figure class=\"alignleft\"><img loading=\"lazy\" decoding=\"async\" width=\"600\" height=\"399\" src=\"http:\/\/xn--dsseldorf-mbliert-wohnen-voc9l.de\/wp-content\/uploads\/2019\/10\/verkehr2.jpg\" alt=\"\" class=\"wp-image-662\" srcset=\"http:\/\/xn--dsseldorf-mbliert-wohnen-voc9l.de\/wp-content\/uploads\/2019\/10\/verkehr2.jpg 600w, http:\/\/xn--dsseldorf-mbliert-wohnen-voc9l.de\/wp-content\/uploads\/2019\/10\/verkehr2-300x200.jpg 300w\" sizes=\"auto, (max-width: 600px) 100vw, 600px\" \/><\/figure><\/div>\n\n\n\n<p>Excellent public transportation (trams, buses and suburban trains).<\/p>\n\n\n\n<p>The infrastructure in Unterbilk is second to none. You can catch any of several underground and suburban railway lines as well as buses to take you around. If you have a car, the Bundesstrasse 1 is an ideal north-south connection through D\u00fcsseldorf. The roads to the north of D\u00fcsseldorf and Neuss are also quick and easy to navigate.<\/p>\n","protected":false},"excerpt":{"rendered":"<p>Excellent public transportation (trams, buses and suburban trains). The infrastructure in Unterbilk is second to none. You can catch any of several underground&hellip;<\/p>\n","protected":false},"author":1,"featured_media":0,"parent":0,"menu_order":0,"comment_status":"closed","ping_status":"closed","template":"","meta":{"footnotes":""},"class_list":["post-391","page","type-page","status-publish","hentry"],"translation":{"provider":"WPGlobus","version":"3.0.2","language":"en","enabled_languages":["de","en"],"languages":{"de":{"title":true,"content":true,"excerpt":false},"en":{"title":true,"content":true,"excerpt":false}}},"yoast_head":"<!-- This site is optimized with the Yoast SEO plugin v27.3 - https:\/\/yoast.com\/product\/yoast-seo-wordpress\/ -->\n<title>Getting around - Furnished flats in D\u00fcsseldorf<\/title>\n<meta name=\"robots\" content=\"index, follow, max-snippet:-1, max-image-preview:large, max-video-preview:-1\" \/>\n<link rel=\"canonical\" href=\"https:\/\/xn--dsseldorf-mbliert-wohnen-voc9l.de\/en\/verkehrsanbindung\/\" \/>\n<meta property=\"og:locale\" content=\"en_US\" \/>\n<meta property=\"og:type\" content=\"article\" \/>\n<meta property=\"og:title\" content=\"Getting around - Furnished flats in D\u00fcsseldorf\" \/>\n<meta property=\"og:url\" content=\"https:\/\/xn--dsseldorf-mbliert-wohnen-voc9l.de\/en\/verkehrsanbindung\/\" \/>\n<meta property=\"og:site_name\" content=\"Furnished flats in D\u00fcsseldorf\" \/>\n<meta property=\"article:modified_time\" content=\"2026-03-09T08:51:07+00:00\" \/>\n<meta property=\"og:image\" content=\"http:\/\/xn--dsseldorf-mbliert-wohnen-voc9l.de\/wp-content\/uploads\/2019\/10\/verkehr2.jpg\" \/>\n<meta name=\"twitter:card\" content=\"summary_large_image\" \/>\n<meta name=\"twitter:label1\" content=\"Est. reading time\" \/>\n\t<meta name=\"twitter:data1\" content=\"1 minute\" \/>\n<script type=\"application\/ld+json\" class=\"yoast-schema-graph\">{\"@context\":\"https:\\\/\\\/schema.org\",\"@graph\":[{\"@type\":\"WebPage\",\"@id\":\"https:\\\/\\\/xn--dsseldorf-mbliert-wohnen-voc9l.de\\\/en\\\/verkehrsanbindung\\\/\",\"url\":\"https:\\\/\\\/xn--dsseldorf-mbliert-wohnen-voc9l.de\\\/en\\\/verkehrsanbindung\\\/\",\"name\":\"Getting around - Furnished flats in D\u00fcsseldorf\",\"isPartOf\":{\"@id\":\"http:\\\/\\\/xn--dsseldorf-mbliert-wohnen-voc9l.de\\\/en\\\/#website\"},\"primaryImageOfPage\":{\"@id\":\"https:\\\/\\\/xn--dsseldorf-mbliert-wohnen-voc9l.de\\\/en\\\/verkehrsanbindung\\\/#primaryimage\"},\"image\":{\"@id\":\"https:\\\/\\\/xn--dsseldorf-mbliert-wohnen-voc9l.de\\\/en\\\/verkehrsanbindung\\\/#primaryimage\"},\"thumbnailUrl\":\"http:\\\/\\\/xn--dsseldorf-mbliert-wohnen-voc9l.de\\\/wp-content\\\/uploads\\\/2019\\\/10\\\/verkehr2.jpg\",\"datePublished\":\"2019-09-04T11:44:28+00:00\",\"dateModified\":\"2026-03-09T08:51:07+00:00\",\"description\":\"Top Verkehrsanbindung mit \u00f6ffentlichem Nahverkehr fu\u00dfl\u00e4ufig zu erreichen\",\"breadcrumb\":{\"@id\":\"https:\\\/\\\/xn--dsseldorf-mbliert-wohnen-voc9l.de\\\/en\\\/verkehrsanbindung\\\/#breadcrumb\"},\"inLanguage\":\"en-US\",\"potentialAction\":[{\"@type\":\"ReadAction\",\"target\":[\"https:\\\/\\\/xn--dsseldorf-mbliert-wohnen-voc9l.de\\\/en\\\/verkehrsanbindung\\\/\"]}]},{\"@type\":\"ImageObject\",\"inLanguage\":\"en-US\",\"@id\":\"https:\\\/\\\/xn--dsseldorf-mbliert-wohnen-voc9l.de\\\/en\\\/verkehrsanbindung\\\/#primaryimage\",\"url\":\"http:\\\/\\\/xn--dsseldorf-mbliert-wohnen-voc9l.de\\\/wp-content\\\/uploads\\\/2019\\\/10\\\/verkehr2.jpg\",\"contentUrl\":\"http:\\\/\\\/xn--dsseldorf-mbliert-wohnen-voc9l.de\\\/wp-content\\\/uploads\\\/2019\\\/10\\\/verkehr2.jpg\"},{\"@type\":\"BreadcrumbList\",\"@id\":\"https:\\\/\\\/xn--dsseldorf-mbliert-wohnen-voc9l.de\\\/en\\\/verkehrsanbindung\\\/#breadcrumb\",\"itemListElement\":[{\"@type\":\"ListItem\",\"position\":1,\"name\":\"Startseite\",\"item\":\"http:\\\/\\\/xn--dsseldorf-mbliert-wohnen-voc9l.de\\\/en\\\/\"},{\"@type\":\"ListItem\",\"position\":2,\"name\":\"Getting around\"}]},{\"@type\":\"WebSite\",\"@id\":\"http:\\\/\\\/xn--dsseldorf-mbliert-wohnen-voc9l.de\\\/en\\\/#website\",\"url\":\"http:\\\/\\\/xn--dsseldorf-mbliert-wohnen-voc9l.de\\\/en\\\/\",\"name\":\"Furnished flats in D\u00fcsseldorf\",\"description\":\"Unterbilk \\\/ Hafen\",\"publisher\":{\"@id\":\"http:\\\/\\\/xn--dsseldorf-mbliert-wohnen-voc9l.de\\\/en\\\/#\\\/schema\\\/person\\\/f3f10f43f71cb4fffd34f6e34572d939\"},\"potentialAction\":[{\"@type\":\"SearchAction\",\"target\":{\"@type\":\"EntryPoint\",\"urlTemplate\":\"http:\\\/\\\/xn--dsseldorf-mbliert-wohnen-voc9l.de\\\/en\\\/?s={search_term_string}\"},\"query-input\":{\"@type\":\"PropertyValueSpecification\",\"valueRequired\":true,\"valueName\":\"search_term_string\"}}],\"inLanguage\":\"en-US\"},{\"@type\":[\"Person\",\"Organization\"],\"@id\":\"http:\\\/\\\/xn--dsseldorf-mbliert-wohnen-voc9l.de\\\/en\\\/#\\\/schema\\\/person\\\/f3f10f43f71cb4fffd34f6e34572d939\",\"name\":\"Katrin Kresken\",\"logo\":{\"@id\":\"http:\\\/\\\/xn--dsseldorf-mbliert-wohnen-voc9l.de\\\/en\\\/#\\\/schema\\\/person\\\/image\\\/\"}}]}<\/script>\n<!-- \/ Yoast SEO plugin. -->","yoast_head_json":{"title":"Getting around - Furnished flats in D\u00fcsseldorf","robots":{"index":"index","follow":"follow","max-snippet":"max-snippet:-1","max-image-preview":"max-image-preview:large","max-video-preview":"max-video-preview:-1"},"canonical":"https:\/\/xn--dsseldorf-mbliert-wohnen-voc9l.de\/en\/verkehrsanbindung\/","og_locale":"en_US","og_type":"article","og_title":"Getting around - Furnished flats in D\u00fcsseldorf","og_url":"https:\/\/xn--dsseldorf-mbliert-wohnen-voc9l.de\/en\/verkehrsanbindung\/","og_site_name":"Furnished flats in D\u00fcsseldorf","article_modified_time":"2026-03-09T08:51:07+00:00","og_image":[{"url":"http:\/\/xn--dsseldorf-mbliert-wohnen-voc9l.de\/wp-content\/uploads\/2019\/10\/verkehr2.jpg","type":"","width":"","height":""}],"twitter_card":"summary_large_image","twitter_misc":{"Est. reading time":"1 minute"},"schema":{"@context":"https:\/\/schema.org","@graph":[{"@type":"WebPage","@id":"https:\/\/xn--dsseldorf-mbliert-wohnen-voc9l.de\/en\/verkehrsanbindung\/","url":"https:\/\/xn--dsseldorf-mbliert-wohnen-voc9l.de\/en\/verkehrsanbindung\/","name":"Getting around - Furnished flats in D\u00fcsseldorf","isPartOf":{"@id":"http:\/\/xn--dsseldorf-mbliert-wohnen-voc9l.de\/en\/#website"},"primaryImageOfPage":{"@id":"https:\/\/xn--dsseldorf-mbliert-wohnen-voc9l.de\/en\/verkehrsanbindung\/#primaryimage"},"image":{"@id":"https:\/\/xn--dsseldorf-mbliert-wohnen-voc9l.de\/en\/verkehrsanbindung\/#primaryimage"},"thumbnailUrl":"http:\/\/xn--dsseldorf-mbliert-wohnen-voc9l.de\/wp-content\/uploads\/2019\/10\/verkehr2.jpg","datePublished":"2019-09-04T11:44:28+00:00","dateModified":"2026-03-09T08:51:07+00:00","description":"Top Verkehrsanbindung mit \u00f6ffentlichem Nahverkehr fu\u00dfl\u00e4ufig zu erreichen","breadcrumb":{"@id":"https:\/\/xn--dsseldorf-mbliert-wohnen-voc9l.de\/en\/verkehrsanbindung\/#breadcrumb"},"inLanguage":"en-US","potentialAction":[{"@type":"ReadAction","target":["https:\/\/xn--dsseldorf-mbliert-wohnen-voc9l.de\/en\/verkehrsanbindung\/"]}]},{"@type":"ImageObject","inLanguage":"en-US","@id":"https:\/\/xn--dsseldorf-mbliert-wohnen-voc9l.de\/en\/verkehrsanbindung\/#primaryimage","url":"http:\/\/xn--dsseldorf-mbliert-wohnen-voc9l.de\/wp-content\/uploads\/2019\/10\/verkehr2.jpg","contentUrl":"http:\/\/xn--dsseldorf-mbliert-wohnen-voc9l.de\/wp-content\/uploads\/2019\/10\/verkehr2.jpg"},{"@type":"BreadcrumbList","@id":"https:\/\/xn--dsseldorf-mbliert-wohnen-voc9l.de\/en\/verkehrsanbindung\/#breadcrumb","itemListElement":[{"@type":"ListItem","position":1,"name":"Startseite","item":"http:\/\/xn--dsseldorf-mbliert-wohnen-voc9l.de\/en\/"},{"@type":"ListItem","position":2,"name":"Getting around"}]},{"@type":"WebSite","@id":"http:\/\/xn--dsseldorf-mbliert-wohnen-voc9l.de\/en\/#website","url":"http:\/\/xn--dsseldorf-mbliert-wohnen-voc9l.de\/en\/","name":"Furnished flats in D\u00fcsseldorf","description":"Unterbilk \/ Hafen","publisher":{"@id":"http:\/\/xn--dsseldorf-mbliert-wohnen-voc9l.de\/en\/#\/schema\/person\/f3f10f43f71cb4fffd34f6e34572d939"},"potentialAction":[{"@type":"SearchAction","target":{"@type":"EntryPoint","urlTemplate":"http:\/\/xn--dsseldorf-mbliert-wohnen-voc9l.de\/en\/?s={search_term_string}"},"query-input":{"@type":"PropertyValueSpecification","valueRequired":true,"valueName":"search_term_string"}}],"inLanguage":"en-US"},{"@type":["Person","Organization"],"@id":"http:\/\/xn--dsseldorf-mbliert-wohnen-voc9l.de\/en\/#\/schema\/person\/f3f10f43f71cb4fffd34f6e34572d939","name":"Katrin Kresken","logo":{"@id":"http:\/\/xn--dsseldorf-mbliert-wohnen-voc9l.de\/en\/#\/schema\/person\/image\/"}}]}},"_links":{"self":[{"href":"http:\/\/xn--dsseldorf-mbliert-wohnen-voc9l.de\/en\/wp-json\/wp\/v2\/pages\/391","targetHints":{"allow":["GET"]}}],"collection":[{"href":"http:\/\/xn--dsseldorf-mbliert-wohnen-voc9l.de\/en\/wp-json\/wp\/v2\/pages"}],"about":[{"href":"http:\/\/xn--dsseldorf-mbliert-wohnen-voc9l.de\/en\/wp-json\/wp\/v2\/types\/page"}],"author":[{"embeddable":true,"href":"http:\/\/xn--dsseldorf-mbliert-wohnen-voc9l.de\/en\/wp-json\/wp\/v2\/users\/1"}],"replies":[{"embeddable":true,"href":"http:\/\/xn--dsseldorf-mbliert-wohnen-voc9l.de\/en\/wp-json\/wp\/v2\/comments?post=391"}],"version-history":[{"count":15,"href":"http:\/\/xn--dsseldorf-mbliert-wohnen-voc9l.de\/en\/wp-json\/wp\/v2\/pages\/391\/revisions"}],"predecessor-version":[{"id":958,"href":"http:\/\/xn--dsseldorf-mbliert-wohnen-voc9l.de\/en\/wp-json\/wp\/v2\/pages\/391\/revisions\/958"}],"wp:attachment":[{"href":"http:\/\/xn--dsseldorf-mbliert-wohnen-voc9l.de\/en\/wp-json\/wp\/v2\/media?parent=391"}],"curies":[{"name":"wp","href":"https:\/\/api.w.org\/{rel}","templated":true}]}}